{"id":13,"date":"2013-03-02T19:08:42","date_gmt":"2013-03-02T17:08:42","guid":{"rendered":"http:\/\/www.statwerk.de\/?page_id=13"},"modified":"2026-02-06T18:48:07","modified_gmt":"2026-02-06T16:48:07","slug":"startseite","status":"publish","type":"page","link":"https:\/\/www.statwerk.de\/","title":{"rendered":"Startseite"},"content":{"rendered":"\n<h2 class=\"wp-block-heading\"><a href=\"https:\/\/www.statwerk.de\/wp-content\/uploads\/2024\/02\/statwerk_zombie.png\"><img loading=\"lazy\" decoding=\"async\" class=\"size-full wp-image-475 aligncenter\" src=\"https:\/\/www.statwerk.de\/wp-content\/uploads\/2024\/02\/statwerk_zombie.png\" alt=\"\" width=\"668\" height=\"778\" srcset=\"https:\/\/www.statwerk.de\/wp-content\/uploads\/2024\/02\/statwerk_zombie.png 668w, https:\/\/www.statwerk.de\/wp-content\/uploads\/2024\/02\/statwerk_zombie-258x300.png 258w\" sizes=\"auto, (max-width: 668px) 100vw, 668px\" \/><\/a><\/h2>\n\n\n\n<h4 class=\"wp-block-heading\"><strong>Vielleicht k\u00f6nnen wir helfen, denn STATwerk<\/strong> steht f\u00fcr&#8230;<\/h4>\n\n\n\n<p>&#8211; eine anwendungsorientierte und pragmatische Statistik<br>&#8211; die sachgerechte Durchf\u00fchrung von (Online-)Befragungen<br>&#8211; netzwerkorientiertes Arbeiten<br>&#8211; raumbezogene Analysen (GIS)<br>&#8211; Datenanalyse mit ChatGPT &amp; Perplexity<\/p>\n\n\n\n<h4 class=\"wp-block-heading\">Wir vertreiben den Zombie mit <strong>sachgerechten<\/strong> Analysetools wie&#8230;<\/h4>\n\n\n\n<figure class=\"wp-block-image\"><a href=\"https:\/\/www.statwerk.de\/wp-content\/uploads\/2020\/11\/software_logos_v1.png\"><img loading=\"lazy\" decoding=\"async\" width=\"1024\" height=\"294\" src=\"https:\/\/www.statwerk.de\/wp-content\/uploads\/2020\/11\/software_logos_v1-1024x294.png\" alt=\"\" class=\"wp-image-390\" srcset=\"https:\/\/www.statwerk.de\/wp-content\/uploads\/2020\/11\/software_logos_v1-1024x294.png 1024w, https:\/\/www.statwerk.de\/wp-content\/uploads\/2020\/11\/software_logos_v1-300x86.png 300w, https:\/\/www.statwerk.de\/wp-content\/uploads\/2020\/11\/software_logos_v1-768x221.png 768w, https:\/\/www.statwerk.de\/wp-content\/uploads\/2020\/11\/software_logos_v1.png 1361w\" sizes=\"auto, (max-width: 1024px) 100vw, 1024px\" \/><\/a><\/figure>\n\n\n\n<h4 class=\"wp-block-heading\"><strong>Kontakt<\/strong>:<\/h4>\n\n\n\n<p>Torsten Luley<br>Mail: <a href=\"mailto:torsten.luley@statwerk.de\">torsten.luley@statwerk.de<\/a><br>Tel.: (0711) 60 71 328<\/p>\n\n\n\n<figure class=\"wp-block-image\"><a href=\"#\"><img decoding=\"async\" src=\"https:\/\/shield.sitelock.com\/shield\/statwerk.de\" alt=\"Homepage-Sicherheit\" title=\"SiteLock\"\/><\/a><\/figure>\n","protected":false},"excerpt":{"rendered":"<p>Vielleicht k\u00f6nnen wir helfen, denn STATwerk steht f\u00fcr&#8230; &#8211; eine anwendungsorientierte und pragmatische Statistik&#8211; die sachgerechte Durchf\u00fchrung von (Online-)Befragungen&#8211; netzwerkorientiertes Arbeiten&#8211; raumbezogene Analysen (GIS)&#8211; Datenanalyse mit ChatGPT &amp; Perplexity Wir vertreiben den Zombie mit sachgerechten Analysetools wie&#8230; Kontakt: Torsten LuleyMail: torsten.luley@statwerk.deTel.: (0711) 60 71 328<\/p>\n","protected":false},"author":1,"featured_media":0,"parent":0,"menu_order":0,"comment_status":"closed","ping_status":"closed","template":"","meta":{"footnotes":""},"class_list":["post-13","page","type-page","status-publish"],"_links":{"self":[{"href":"https:\/\/www.statwerk.de\/index.php?rest_route=\/wp\/v2\/pages\/13","targetHints":{"allow":["GET"]}}],"collection":[{"href":"https:\/\/www.statwerk.de\/index.php?rest_route=\/wp\/v2\/pages"}],"about":[{"href":"https:\/\/www.statwerk.de\/index.php?rest_route=\/wp\/v2\/types\/page"}],"author":[{"embeddable":true,"href":"https:\/\/www.statwerk.de\/index.php?rest_route=\/wp\/v2\/users\/1"}],"replies":[{"embeddable":true,"href":"https:\/\/www.statwerk.de\/index.php?rest_route=%2Fwp%2Fv2%2Fcomments&post=13"}],"version-history":[{"count":44,"href":"https:\/\/www.statwerk.de\/index.php?rest_route=\/wp\/v2\/pages\/13\/revisions"}],"predecessor-version":[{"id":513,"href":"https:\/\/www.statwerk.de\/index.php?rest_route=\/wp\/v2\/pages\/13\/revisions\/513"}],"wp:attachment":[{"href":"https:\/\/www.statwerk.de\/index.php?rest_route=%2Fwp%2Fv2%2Fmedia&parent=13"}],"curies":[{"name":"wp","href":"https:\/\/api.w.org\/{rel}","templated":true}]}}